{"id":4565,"date":"2024-03-31T01:37:22","date_gmt":"2024-03-31T01:37:22","guid":{"rendered":"https:\/\/economyrhodescarhire.com\/mietwagen-rhodos-hafen\/"},"modified":"2025-05-21T10:35:51","modified_gmt":"2025-05-21T10:35:51","slug":"mietwagen-rhodos-hafen","status":"publish","type":"page","link":"https:\/\/economyrhodescarhire.com\/de\/mietwagen-rhodos-hafen\/","title":{"rendered":"Autovermietung Rhodos, Rhodos Hafen"},"content":{"rendered":"\t\t<div data-elementor-type=\"wp-page\" data-elementor-id=\"4565\" class=\"elementor elementor-4565 elementor-2106\">\n\t\t\t\t<div class=\"elementor-element elementor-element-b718af0 e-flex e-con-boxed e-con e-parent\" data-id=\"b718af0\" data-element_type=\"container\" data-e-type=\"container\" data-settings=\"{&quot;background_background&quot;:&quot;classic&quot;}\">\n\t\t\t\t\t<div class=\"e-con-inner\">\n\t\t<div class=\"elementor-element elementor-element-9eef8f9 e-con-full e-flex e-con e-child\" data-id=\"9eef8f9\" data-element_type=\"container\" data-e-type=\"container\">\n\t\t\t\t<\/div>\n\t\t\t\t\t<\/div>\n\t\t\t\t<\/div>\n\t\t<div class=\"elementor-element elementor-element-7223b13 e-con-full e-flex e-con e-child\" data-id=\"7223b13\" data-element_type=\"container\" data-e-type=\"container\">\n\t\t<div class=\"elementor-element elementor-element-7314fb4 e-flex e-con-boxed e-con e-child\" data-id=\"7314fb4\" data-element_type=\"container\" data-e-type=\"container\">\n\t\t\t\t\t<div class=\"e-con-inner\">\n\t\t\t\t<div class=\"elementor-element elementor-element-08074f1 elementor-widget elementor-widget-wp-widget-mod_vikrentcar_search\" data-id=\"08074f1\" data-element_type=\"widget\" data-e-type=\"widget\" data-widget_type=\"wp-widget-mod_vikrentcar_search.default\">\n\t\t\t\t<div class=\"elementor-widget-container\">\n\t\t\t\t\t\r\n<div class=\"vrcdivsearch vrcdivsearchmodule vrc-searchmod-wrap-hybrid\">\r\n\t<form action=\"https:\/\/economyrhodescarhire.com\/search-your-car\/?task=search\" method=\"post\" onsubmit=\"return vrcValidateSearch64();\">\r\n\t\t<input type=\"hidden\" name=\"task\" value=\"search\"\/>\r\n    <div class=\"vrc-searchmod-section-pickup\">\n<div class=\"vrcsfentrycont\"><label for=\"modplace\">Abholort<\/label><div class=\"vrcsfentryselect\"><select name=\"place\" id=\"modplace\"><option value=\"6\">Rhodes Airport(RHO)<\/option>\n<option value=\"14\">Rhodes Town<\/option>\n<option value=\"5\">Rhodes Port<\/option>\n<option value=\"8\">Kalithea<\/option>\n<option value=\"7\">Faliraki<\/option>\n<option value=\"9\">Ialissos<\/option>\n<option value=\"4\">Afantou<\/option>\n<option value=\"10\">Kolymbia<\/option>\n<option value=\"12\">Stegna<\/option>\n<\/select><\/div><\/div>\n<div class=\"vrcsfentrycont\"><label for=\"modreturnplace\">R\u00fcckgabeort<\/label><div class=\"vrcsfentryselect\"><select name=\"returnplace\" id=\"modreturnplace\"><option value=\"6\">Rhodes Airport(RHO)<\/option>\n<option value=\"14\">Rhodes Town<\/option>\n<option value=\"5\">Rhodes Port<\/option>\n<option value=\"8\">Kalithea<\/option>\n<option value=\"7\">Faliraki<\/option>\n<option value=\"9\">Ialissos<\/option>\n<option value=\"4\">Afantou<\/option>\n<option value=\"10\">Kolymbia<\/option>\n<option value=\"12\">Stegna<\/option>\n<\/select><\/div><\/div>\n<\/div>\n<div class=\"vrc-searchmod-section-datetimes\">\n<div class=\"vrcsfentrycont\">\n\t<div class=\"vrcsfentrylabsel\">\n\t\t<label for=\"pickupdatemod64\">Abholdatum<\/label>\n\t\t<div class=\"vrcsfentrydate\">\n\t\t\t<input type=\"text\" name=\"pickupdate\" id=\"pickupdatemod64\" size=\"10\" autocomplete=\"off\" onfocus=\"this.blur();\" readonly\/><i class=\"far fa-calendar-alt vrc-caltrigger\"><\/i>\n\t\t<\/div>\n\t<\/div>\n\t<div class=\"vrcsfentrytime\">\n\t\t<label for=\"pickuph\">Abholzeit<\/label>\n\t\t<div class=\"vrc-sf-time-container\">\n\t\t\t<span id=\"vrcmodselph\"><select id=\"pickuph\" name=\"pickuph\"><option value=\"0\">00<\/option>\n<option value=\"1\">01<\/option>\n<option value=\"2\">02<\/option>\n<option value=\"3\">03<\/option>\n<option value=\"4\">04<\/option>\n<option value=\"5\">05<\/option>\n<option value=\"6\">06<\/option>\n<option value=\"7\">07<\/option>\n<option value=\"8\">08<\/option>\n<option value=\"9\">09<\/option>\n<option value=\"10\">10<\/option>\n<option value=\"11\">11<\/option>\n<option value=\"12\">12<\/option>\n<option value=\"13\">13<\/option>\n<option value=\"14\">14<\/option>\n<option value=\"15\">15<\/option>\n<option value=\"16\">16<\/option>\n<option value=\"17\">17<\/option>\n<option value=\"18\">18<\/option>\n<option value=\"19\">19<\/option>\n<option value=\"20\">20<\/option>\n<option value=\"21\">21<\/option>\n<option value=\"22\">22<\/option>\n<option value=\"23\">23<\/option>\n<\/select><\/span>\n\t\t\t<span class=\"vrctimesep\">:<\/span>\n\t\t\t<span id=\"vrcmodselpm\"><select name=\"pickupm\"><option value=\"0\" selected=\"selected\">00<\/option>\n<option value=\"15\">15<\/option>\n<option value=\"30\">30<\/option>\n<option value=\"45\">45<\/option>\n<\/select><\/span>\n\t\t<\/div>\n\t<\/div>\n<\/div>\n<div class=\"vrcsfentrycont\">\n\t<div class=\"vrcsfentrylabsel\">\n\t\t<label for=\"releasedatemod64\">R\u00fcckgabedatum<\/label>\n\t\t<div class=\"vrcsfentrydate\">\n\t\t\t<input type=\"text\" name=\"releasedate\" id=\"releasedatemod64\" size=\"10\" autocomplete=\"off\" onfocus=\"this.blur();\" readonly\/><i class=\"far fa-calendar-alt vrc-caltrigger\"><\/i>\n\t\t<\/div>\n\t<\/div>\n\t<div class=\"vrcsfentrytime\">\n\t\t<label for=\"releaseh\">R\u00fcckgabezeit<\/label>\n\t\t<div class=\"vrc-sf-time-container\">\n\t\t\t<span id=\"vrcmodseldh\"><select id=\"releaseh\" name=\"releaseh\"><option value=\"0\">00<\/option>\n<option value=\"1\">01<\/option>\n<option value=\"2\">02<\/option>\n<option value=\"3\">03<\/option>\n<option value=\"4\">04<\/option>\n<option value=\"5\">05<\/option>\n<option value=\"6\">06<\/option>\n<option value=\"7\">07<\/option>\n<option value=\"8\">08<\/option>\n<option value=\"9\">09<\/option>\n<option value=\"10\">10<\/option>\n<option value=\"11\">11<\/option>\n<option value=\"12\">12<\/option>\n<option value=\"13\">13<\/option>\n<option value=\"14\">14<\/option>\n<option value=\"15\">15<\/option>\n<option value=\"16\">16<\/option>\n<option value=\"17\">17<\/option>\n<option value=\"18\">18<\/option>\n<option value=\"19\">19<\/option>\n<option value=\"20\">20<\/option>\n<option value=\"21\">21<\/option>\n<option value=\"22\">22<\/option>\n<option value=\"23\">23<\/option>\n<\/select><\/span>\n\t\t\t<span class=\"vrctimesep\">:<\/span>\n\t\t\t<span id=\"vrcmodseldm\"><select name=\"releasem\"><option value=\"0\" selected=\"selected\">00<\/option>\n<option value=\"15\">15<\/option>\n<option value=\"30\">30<\/option>\n<option value=\"45\">45<\/option>\n<\/select><\/span>\n\t\t<\/div>\n\t<\/div>\n<\/div>\n<\/div>\n    \t<div class=\"vrc-searchmod-section-sbmt\">\r\n\t\t\t<div class=\"vrcsfentrycont\">\r\n\t\t\t\t<div class=\"vrcsfentrysubmit\">\r\n\t\t\t\t\t<button type=\"submit\" class=\"btn vrcsearch vrc-pref-color-btn\">Suche<\/button>\r\n\t\t\t\t<\/div>\r\n\t\t\t<\/div>\r\n\t\t<\/div>\r\n    <\/form>\r\n<\/div>\r\n\r\n<script type=\"text\/javascript\">\r\nfunction vrcCleanNumber64(snum) {\r\n\tif (snum.length > 1 && snum.substr(0, 1) == '0') {\r\n\t\treturn parseInt(snum.substr(1));\r\n\t}\r\n\treturn parseInt(snum);\r\n}\r\nfunction vrcFormatTime64(h, m) {\r\n\tvar time_format = 'H:i';\r\n\tvar time_ftfour = (time_format == 'H:i');\r\n\tvar time_ampm = '';\r\n\tif (!time_ftfour) {\r\n\t\tif (h >= 12 && h < 24) {\r\n\t\t\ttime_ampm = ' PM';\r\n\t\t\tif (h > 12) {\r\n\t\t\t\th -= 12;\r\n\t\t\t}\r\n\t\t} else {\r\n\t\t\ttime_ampm = ' AM';\r\n\t\t}\r\n\t}\r\n\treturn (h < 10 ? ('0' + h) : h) + ':' + ((m < 10 ? ('0' + m) : m)) + time_ampm;\r\n}\r\nfunction vrcValidateSearch64() {\r\n\tif (typeof jQuery === 'undefined' || typeof vrcmod_wopening_pick === 'undefined') {\r\n\t\treturn true;\r\n\t}\r\n\tif (vrcmod_mopening_pick !== null) {\r\n\t\t\/\/ pickup time\r\n\t\tvar pickh = jQuery('#vrcmodselph').find('select').val();\r\n\t\tvar pickm = jQuery('#vrcmodselpm').find('select').val();\r\n\t\tif (!pickh || !pickh.length || !pickm) {\r\n\t\t\treturn true;\r\n\t\t}\r\n\t\tpickh = vrcCleanNumber64(pickh);\r\n\t\tpickm = vrcCleanNumber64(pickm);\r\n\t\tif (pickh == vrcmod_mopening_pick[0]) {\r\n\t\t\tif (pickm < vrcmod_mopening_pick[1]) {\r\n\t\t\t\t\/\/ location is still closed at this time\r\n\t\t\t\tjQuery('#vrcmodselpm').find('select').html('<option value=\"'+vrcmod_mopening_pick[1]+'\">'+(vrcmod_mopening_pick[1] < 10 ? '0'+vrcmod_mopening_pick[1] : vrcmod_mopening_pick[1])+'<\/option>').val(vrcmod_mopening_pick[1]);\r\n\t\t\t\talert(Joomla.JText._('VRC_LOC_WILL_OPEN_TIME').replace('%s', vrcFormatTime64(vrcmod_mopening_pick[0], vrcmod_mopening_pick[1])));\r\n\t\t\t\t\/\/ do not return false as we are overwriting the pickup time\r\n\t\t\t\t\/\/ return false;\r\n\t\t\t}\r\n\t\t}\r\n\t\tif (pickh == vrcmod_mopening_pick[2]) {\r\n\t\t\tif (pickm > vrcmod_mopening_pick[3]) {\r\n\t\t\t\t\/\/ location is already closed at this time for a pick up\r\n\t\t\t\tjQuery('#vrccomselpm').find('select').html('<option value=\"'+vrcmod_mopening_pick[3]+'\">'+(vrcmod_mopening_pick[3] < 10 ? '0'+vrcmod_mopening_pick[3] : vrcmod_mopening_pick[3])+'<\/option>').val(vrcmod_mopening_pick[3]);\r\n\t\t\t\talert(Joomla.JText._('VRC_LOC_WILL_CLOSE_TIME').replace('%s', vrcFormatTime64(vrcmod_mopening_pick[2], vrcmod_mopening_pick[3])));\r\n\t\t\t\t\/\/ do not return false as we are overwriting the pickup time\r\n\t\t\t\t\/\/ return false;\r\n\t\t\t}\r\n\t\t}\r\n\t\t\/\/ check for breaks\r\n\t\tif (vrcmod_mopening_pick[4] && vrcmod_mopening_pick[4].length) {\r\n\t\t\tfor (var b = 0; b < vrcmod_mopening_pick[4].length; b++) {\r\n\t\t\t\tif (!vrcmod_mopening_pick[4][b].hasOwnProperty('fh')) {\r\n\t\t\t\t\tcontinue;\r\n\t\t\t\t}\r\n\t\t\t\tvar break_mess = Joomla.JText._('VRC_PICKLOC_IS_ON_BREAK_TIME_FROM_TO')\r\n\t\t\t\t\t.replace('%s', vrcFormatTime64(vrcmod_mopening_pick[4][b]['fh'], vrcmod_mopening_pick[4][b]['fm']))\r\n\t\t\t\t\t.replace('%s', vrcFormatTime64(vrcmod_mopening_pick[4][b]['th'], vrcmod_mopening_pick[4][b]['tm']));\r\n\t\t\t\tvar break_from_secs = (vrcmod_mopening_pick[4][b]['fh'] * 3600) + (vrcmod_mopening_pick[4][b]['fm'] * 60);\r\n\t\t\t\tvar break_to_secs = (vrcmod_mopening_pick[4][b]['th'] * 3600) + (vrcmod_mopening_pick[4][b]['tm'] * 60);\r\n\t\t\t\tvar pick_secs = (pickh * 3600) + (pickm * 60);\r\n\t\t\t\tif (pick_secs > break_from_secs && pick_secs < break_to_secs) {\r\n\t\t\t\t\t\/\/ the location is on break at this time\r\n\t\t\t\t\talert(break_mess);\r\n\t\t\t\t\treturn false;\r\n\t\t\t\t} else if (vrcmod_mopening_pick[4][b]['fh'] > vrcmod_mopening_pick[4][b]['th'] && pick_secs < break_from_secs && pick_secs < break_to_secs) {\r\n\t\t\t\t\t\/\/ overnight break, with time after midnight\r\n\t\t\t\t\talert(break_mess);\r\n\t\t\t\t\treturn false;\r\n\t\t\t\t} else if (vrcmod_mopening_pick[4][b]['fh'] > vrcmod_mopening_pick[4][b]['th'] && pick_secs > break_from_secs && pick_secs > break_to_secs) {\r\n\t\t\t\t\t\/\/ overnight break, with time before midnight\r\n\t\t\t\t\talert(break_mess);\r\n\t\t\t\t\treturn false;\r\n\t\t\t\t}\r\n\t\t\t}\r\n\t\t}\r\n\t}\r\n\r\n\tif (vrcmod_mopening_drop !== null) {\r\n\t\t\/\/ dropoff time\r\n\t\tvar droph = jQuery('#vrcmodseldh').find('select').val();\r\n\t\tvar dropm = jQuery('#vrcmodseldm').find('select').val();\r\n\t\tif (!droph || !droph.length || !dropm) {\r\n\t\t\treturn true;\r\n\t\t}\r\n\t\tdroph = vrcCleanNumber64(droph);\r\n\t\tdropm = vrcCleanNumber64(dropm);\r\n\t\tif (droph == vrcmod_mopening_drop[0]) {\r\n\t\t\tif (dropm > vrcmod_mopening_drop[1]) {\r\n\t\t\t\t\/\/ location is already closed at this time\r\n\t\t\t\tjQuery('#vrcmodseldm').find('select').html('<option value=\"'+vrcmod_mopening_drop[1]+'\">'+(vrcmod_mopening_drop[1] < 10 ? '0'+vrcmod_mopening_drop[1] : vrcmod_mopening_drop[1])+'<\/option>').val(vrcmod_mopening_drop[1]);\r\n\t\t\t\talert(Joomla.JText._('VRC_LOC_WILL_CLOSE_TIME').replace('%s', 64(vrcmod_mopening_drop[0], vrcmod_mopening_drop[1])));\r\n\t\t\t\t\/\/ do not return false as we are overwriting the drop off time\r\n\t\t\t\t\/\/ return false;\r\n\t\t\t}\r\n\t\t}\r\n\t\tif (droph == vrcmod_mopening_drop[2]) {\r\n\t\t\tif (dropm < vrcmod_mopening_drop[3]) {\r\n\t\t\t\t\/\/ location is still closed at this time for a drop off\r\n\t\t\t\tjQuery('#vrcmodseldm').find('select').html('<option value=\"'+vrcmod_mopening_drop[3]+'\">'+(vrcmod_mopening_drop[3] < 10 ? '0'+vrcmod_mopening_drop[3] : vrcmod_mopening_drop[3])+'<\/option>').val(vrcmod_mopening_drop[3]);\r\n\t\t\t\talert(Joomla.JText._('VRC_LOC_WILL_OPEN_TIME').replace('%s', 64(vrcmod_mopening_drop[2], vrcmod_mopening_drop[3])));\r\n\t\t\t\t\/\/ do not return false as we are overwriting the drop off time\r\n\t\t\t\t\/\/ return false;\r\n\t\t\t}\r\n\t\t}\r\n\t\t\/\/ check for breaks\r\n\t\tif (vrcmod_mopening_drop[4] && vrcmod_mopening_drop[4].length) {\r\n\t\t\tfor (var b = 0; b < vrcmod_mopening_drop[4].length; b++) {\r\n\t\t\t\tif (!vrcmod_mopening_drop[4][b].hasOwnProperty('fh')) {\r\n\t\t\t\t\tcontinue;\r\n\t\t\t\t}\r\n\t\t\t\tvar break_mess = Joomla.JText._('VRC_DROPLOC_IS_ON_BREAK_TIME_FROM_TO')\r\n\t\t\t\t\t.replace('%s', 64(vrcmod_mopening_drop[4][b]['fh'], vrcmod_mopening_drop[4][b]['fm']))\r\n\t\t\t\t\t.replace('%s', 64(vrcmod_mopening_drop[4][b]['th'], vrcmod_mopening_drop[4][b]['tm']));\r\n\t\t\t\tvar break_from_secs = (vrcmod_mopening_drop[4][b]['fh'] * 3600) + (vrcmod_mopening_drop[4][b]['fm'] * 60);\r\n\t\t\t\tvar break_to_secs = (vrcmod_mopening_drop[4][b]['th'] * 3600) + (vrcmod_mopening_drop[4][b]['tm'] * 60);\r\n\t\t\t\tvar drop_secs = (droph * 3600) + (dropm * 60);\r\n\t\t\t\tif (drop_secs > break_from_secs && drop_secs < break_to_secs) {\r\n\t\t\t\t\t\/\/ the location is on break at this time\r\n\t\t\t\t\talert(break_mess);\r\n\t\t\t\t\treturn false;\r\n\t\t\t\t} else if (vrcmod_mopening_drop[4][b]['fh'] > vrcmod_mopening_drop[4][b]['th'] && drop_secs < break_from_secs && drop_secs < break_to_secs) {\r\n\t\t\t\t\t\/\/ overnight break, with time after midnight\r\n\t\t\t\t\talert(break_mess);\r\n\t\t\t\t\treturn false;\r\n\t\t\t\t} else if (vrcmod_mopening_drop[4][b]['fh'] > vrcmod_mopening_drop[4][b]['th'] && drop_secs > break_from_secs && drop_secs > break_to_secs) {\r\n\t\t\t\t\t\/\/ overnight break, with time before midnight\r\n\t\t\t\t\talert(break_mess);\r\n\t\t\t\t\treturn false;\r\n\t\t\t\t}\r\n\t\t\t}\r\n\t\t}\r\n\t}\r\n\r\n\treturn true;\r\n}\r\n<\/script>\r\n\t\t\t\t<\/div>\n\t\t\t\t<\/div>\n\t\t\t\t\t<\/div>\n\t\t\t\t<\/div>\n\t\t\t\t<\/div>\n\t\t<div class=\"elementor-element elementor-element-38a2126 e-flex e-con-boxed e-con e-parent\" data-id=\"38a2126\" data-element_type=\"container\" data-e-type=\"container\">\n\t\t\t\t\t<div class=\"e-con-inner\">\n\t\t\t\t<div class=\"elementor-element elementor-element-0e27a51 elementor-widget elementor-widget-heading\" data-id=\"0e27a51\" data-element_type=\"widget\" data-e-type=\"widget\" data-widget_type=\"heading.default\">\n\t\t\t\t<div class=\"elementor-widget-container\">\n\t\t\t\t\t<h1 class=\"elementor-heading-title elementor-size-default\">MIETWAGEN RHODOS HAFEN<\/h1>\t\t\t\t<\/div>\n\t\t\t\t<\/div>\n\t\t\t\t<div class=\"elementor-element elementor-element-03aae02 elementor-widget elementor-widget-text-editor\" data-id=\"03aae02\" data-element_type=\"widget\" data-e-type=\"widget\" data-widget_type=\"text-editor.default\">\n\t\t\t\t<div class=\"elementor-widget-container\">\n\t\t\t\t\t\t\t\t\t<p>Wir sindG\u00fcnstige Autovermietung auf Rhodos ! Wir sind bestrebt, Ihre Ankunft in Rhodos mit dem Schiff oder Kreuzfahrtschiff so reibungslos wie m\u00f6glich zu gestalten, wenn Sie ein Auto im Hafen von Rhodos mieten m\u00f6chten, und bieten Ihnen einen zuverl\u00e4ssigen und kundenfreundlichen Mietwagenservice im Hafen von Rhodos. Keine versteckten Kosten, keine Komplikationen - nur ein nahtloser Start f\u00fcr Ihren Besuch auf Rhodos. Buchen Sie Ihren Mietwagen noch heute bei unserer Mietwagen Rhodos Hafen und machen Sie sich bereit, diese unglaubliche Insel mit Leichtigkeit zu erkunden!<\/p>\n\t\t\t\t\t\t\t\t<\/div>\n\t\t\t\t<\/div>\n\t\t\t\t\t<\/div>\n\t\t\t\t<\/div>\n\t\t\t\t<section class=\"elementor-section elementor-top-section elementor-element elementor-element-7qkuap1 elementor-section-boxed elementor-section-height-default elementor-section-height-default\" data-id=\"7qkuap1\" data-element_type=\"section\" data-e-type=\"section\">\n\t\t\t\t\t\t<div class=\"elementor-container elementor-column-gap-no\">\n\t\t\t\t\t<div class=\"elementor-column elementor-col-50 elementor-top-column elementor-element elementor-element-18a8196\" data-id=\"18a8196\" data-element_type=\"column\" data-e-type=\"column\">\n\t\t\t<div class=\"elementor-widget-wrap elementor-element-populated\">\n\t\t\t\t\t\t<div class=\"elementor-element elementor-element-96f44df elementor-vertical-align-top elementor-widget elementor-widget-image-box\" data-id=\"96f44df\" data-element_type=\"widget\" data-e-type=\"widget\" data-widget_type=\"image-box.default\">\n\t\t\t\t<div class=\"elementor-widget-container\">\n\t\t\t\t\t<div class=\"elementor-image-box-wrapper\"><div class=\"elementor-image-box-content\"><h2 class=\"elementor-image-box-title\">Vorteile der Mietwagen Rhodos Hafen<\/h2><\/div><\/div>\t\t\t\t<\/div>\n\t\t\t\t<\/div>\n\t\t\t\t<div class=\"elementor-element elementor-element-856dbed elementor-widget elementor-widget-image\" data-id=\"856dbed\" data-element_type=\"widget\" data-e-type=\"widget\" data-widget_type=\"image.default\">\n\t\t\t\t<div class=\"elementor-widget-container\">\n\t\t\t\t\t\t\t\t\t\t\t\t\t\t\t<img fetchpriority=\"high\" decoding=\"async\" width=\"1024\" height=\"682\" src=\"https:\/\/economyrhodescarhire.com\/wp-content\/uploads\/2024\/03\/windmills-3061407_1280-1024x682.jpg\" class=\"attachment-large size-large wp-image-4572\" alt=\"\" srcset=\"https:\/\/economyrhodescarhire.com\/wp-content\/uploads\/2024\/03\/windmills-3061407_1280-1024x682.jpg 1024w, https:\/\/economyrhodescarhire.com\/wp-content\/uploads\/2024\/03\/windmills-3061407_1280-300x200.jpg 300w, https:\/\/economyrhodescarhire.com\/wp-content\/uploads\/2024\/03\/windmills-3061407_1280-768x512.jpg 768w, https:\/\/economyrhodescarhire.com\/wp-content\/uploads\/2024\/03\/windmills-3061407_1280-600x400.jpg 600w, https:\/\/economyrhodescarhire.com\/wp-content\/uploads\/2024\/03\/windmills-3061407_1280.jpg 1280w\" sizes=\"(max-width: 1024px) 100vw, 1024px\" \/>\t\t\t\t\t\t\t\t\t\t\t\t\t\t\t<\/div>\n\t\t\t\t<\/div>\n\t\t\t\t\t<\/div>\n\t\t<\/div>\n\t\t\t\t<div class=\"elementor-column elementor-col-25 elementor-top-column elementor-element elementor-element-3dbe29b\" data-id=\"3dbe29b\" data-element_type=\"column\" data-e-type=\"column\">\n\t\t\t<div class=\"elementor-widget-wrap elementor-element-populated\">\n\t\t\t\t\t\t<div class=\"elementor-element elementor-element-2ce1fb0 elementor-vertical-align-top elementor-widget elementor-widget-image-box\" data-id=\"2ce1fb0\" data-element_type=\"widget\" data-e-type=\"widget\" data-widget_type=\"image-box.default\">\n\t\t\t\t<div class=\"elementor-widget-container\">\n\t\t\t\t\t<div class=\"elementor-image-box-wrapper\"><div class=\"elementor-image-box-content\"><h3 class=\"elementor-image-box-title\">Stressfreie Ankunft<\/h3><p class=\"elementor-image-box-description\"> Stellen Sie sich vor, Sie gehen im Hafen von Rhodos von Bord und Ihr Mietwagen steht f\u00fcr Sie bereit. Das ist genau das, was Sie mit unserer Mietwagen Rhodos Hafen bekommen. Sie brauchen nicht nach unserem B\u00fcro zu suchen. Wir werden Sie mit einem L\u00e4cheln begr\u00fc\u00dfen.<\/p><\/div><\/div>\t\t\t\t<\/div>\n\t\t\t\t<\/div>\n\t\t\t\t<div class=\"elementor-element elementor-element-48015ab elementor-vertical-align-top elementor-widget elementor-widget-image-box\" data-id=\"48015ab\" data-element_type=\"widget\" data-e-type=\"widget\" data-widget_type=\"image-box.default\">\n\t\t\t\t<div class=\"elementor-widget-container\">\n\t\t\t\t\t<div class=\"elementor-image-box-wrapper\"><div class=\"elementor-image-box-content\"><h3 class=\"elementor-image-box-title\">Vollversicherung<\/h3><p class=\"elementor-image-box-description\">Sicherheit steht bei uns an erster Stelle, deshalb sind alle unsere Fahrzeuge umfassend versichert. Sie k\u00f6nnen sich getrost auf den Weg machen, denn Sie wissen, dass Sie w\u00e4hrend Ihres Abenteuers bei der Mietwagen Rhodos Hafen gut abgesichert sind.<\/p><\/div><\/div>\t\t\t\t<\/div>\n\t\t\t\t<\/div>\n\t\t\t\t\t<\/div>\n\t\t<\/div>\n\t\t\t\t<div class=\"elementor-column elementor-col-25 elementor-top-column elementor-element elementor-element-f35b852\" data-id=\"f35b852\" data-element_type=\"column\" data-e-type=\"column\">\n\t\t\t<div class=\"elementor-widget-wrap elementor-element-populated\">\n\t\t\t\t\t\t<div class=\"elementor-element elementor-element-4cd2a7e elementor-vertical-align-top elementor-widget elementor-widget-image-box\" data-id=\"4cd2a7e\" data-element_type=\"widget\" data-e-type=\"widget\" data-widget_type=\"image-box.default\">\n\t\t\t\t<div class=\"elementor-widget-container\">\n\t\t\t\t\t<div class=\"elementor-image-box-wrapper\"><div class=\"elementor-image-box-content\"><h3 class=\"elementor-image-box-title\">Flexible R\u00fcckgabeoptionen<\/h3><p class=\"elementor-image-box-description\">Wenn Sie nicht vorhaben, in den Hafen von Rhodos zur\u00fcckzukehren, brauchen Sie sich keine Sorgen zu machen. Wir bieten Ihnen flexible Abholm\u00f6glichkeiten, z. B. am Flughafen oder an einem anderen Ort auf der Insel, der Ihren Pl\u00e4nen entspricht.<\/p><\/div><\/div>\t\t\t\t<\/div>\n\t\t\t\t<\/div>\n\t\t\t\t<div class=\"elementor-element elementor-element-3eca1f0 elementor-vertical-align-top elementor-widget elementor-widget-image-box\" data-id=\"3eca1f0\" data-element_type=\"widget\" data-e-type=\"widget\" data-widget_type=\"image-box.default\">\n\t\t\t\t<div class=\"elementor-widget-container\">\n\t\t\t\t\t<div class=\"elementor-image-box-wrapper\"><div class=\"elementor-image-box-content\"><h3 class=\"elementor-image-box-title\">Schnell und einfach<\/h3><p class=\"elementor-image-box-description\">Wir verstehen, dass Sie nicht l\u00e4nger warten wollen. Ihr Mietwagen Rhodos Hafen steht schnell bereit, und wenn Ihr Urlaub zu Ende ist, k\u00f6nnen Sie ihn direkt am Boot abgeben - Sie brauchen keine schweren Taschen zu schleppen!<\/p><\/div><\/div>\t\t\t\t<\/div>\n\t\t\t\t<\/div>\n\t\t\t\t\t<\/div>\n\t\t<\/div>\n\t\t\t\t\t<\/div>\n\t\t<\/section>\n\t\t<div class=\"elementor-element elementor-element-160b30c e-flex e-con-boxed e-con e-parent\" data-id=\"160b30c\" data-element_type=\"container\" data-e-type=\"container\">\n\t\t\t\t\t<div class=\"e-con-inner\">\n\t\t\t\t<div class=\"elementor-element elementor-element-d42e8f3 elementor-widget elementor-widget-google_maps\" data-id=\"d42e8f3\" data-element_type=\"widget\" data-e-type=\"widget\" data-widget_type=\"google_maps.default\">\n\t\t\t\t<div class=\"elementor-widget-container\">\n\t\t\t\t\t\t\t<div class=\"elementor-custom-embed\">\n\t\t\t<iframe loading=\"lazy\"\n\t\t\t\t\tsrc=\"https:\/\/maps.google.com\/maps?q=rhodes%20port&#038;t=m&#038;z=15&#038;output=embed&#038;iwloc=near\"\n\t\t\t\t\ttitle=\"rhodes port\"\n\t\t\t\t\taria-label=\"rhodes port\"\n\t\t\t><\/iframe>\n\t\t<\/div>\n\t\t\t\t\t\t<\/div>\n\t\t\t\t<\/div>\n\t\t\t\t\t<\/div>\n\t\t\t\t<\/div>\n\t\t\t\t<\/div>\n\t\t","protected":false},"excerpt":{"rendered":"<p>MIETWAGEN RHODOS HAFEN Wir sindG\u00fcnstige Autovermietung auf Rhodos ! Wir sind bestrebt, Ihre Ankunft in Rhodos mit dem Schiff oder Kreuzfahrtschiff so reibungslos wie m\u00f6glich zu gestalten, wenn Sie ein Auto im Hafen von Rhodos mieten m\u00f6chten, und bieten Ihnen einen zuverl\u00e4ssigen und kundenfreundlichen Mietwagenservice im Hafen von Rhodos. Keine versteckten Kosten, keine Komplikationen - [&hellip;]<\/p>\n","protected":false},"author":2,"featured_media":0,"parent":0,"menu_order":0,"comment_status":"closed","ping_status":"closed","template":"","meta":{"_monsterinsights_skip_tracking":false,"_monsterinsights_sitenote_active":false,"_monsterinsights_sitenote_note":"","_monsterinsights_sitenote_category":0,"site-sidebar-layout":"no-sidebar","site-content-layout":"page-builder","ast-site-content-layout":"full-width-container","site-content-style":"default","site-sidebar-style":"default","ast-global-header-display":"","ast-banner-title-visibility":"","ast-main-header-display":"","ast-hfb-above-header-display":"","ast-hfb-below-header-display":"","ast-hfb-mobile-header-display":"","site-post-title":"disabled","ast-breadcrumbs-content":"","ast-featured-img":"disabled","footer-sml-layout":"","theme-transparent-header-meta":"","adv-header-id-meta":"","stick-header-meta":"","header-above-stick-meta":"","header-main-stick-meta":"","header-below-stick-meta":"","astra-migrate-meta-layouts":"set","ast-page-background-enabled":"default","ast-page-background-meta":{"desktop":{"background-color":"var(--ast-global-color-4)","background-image":"","background-repeat":"repeat","background-position":"center center","background-size":"auto","background-attachment":"scroll","background-type":"","background-media":"","overlay-type":"","overlay-color":"","overlay-gradient":""},"tablet":{"background-color":"","background-image":"","background-repeat":"repeat","background-position":"center center","background-size":"auto","background-attachment":"scroll","background-type":"","background-media":"","overlay-type":"","overlay-color":"","overlay-gradient":""},"mobile":{"background-color":"","background-image":"","background-repeat":"repeat","background-position":"center center","background-size":"auto","background-attachment":"scroll","background-type":"","background-media":"","overlay-type":"","overlay-color":"","overlay-gradient":""}},"ast-content-background-meta":{"desktop":{"background-color":"var(--ast-global-color-5)","background-image":"","background-repeat":"repeat","background-position":"center center","background-size":"auto","background-attachment":"scroll","background-type":"","background-media":"","overlay-type":"","overlay-color":"","overlay-gradient":""},"tablet":{"background-color":"var(--ast-global-color-5)","background-image":"","background-repeat":"repeat","background-position":"center center","background-size":"auto","background-attachment":"scroll","background-type":"","background-media":"","overlay-type":"","overlay-color":"","overlay-gradient":""},"mobile":{"background-color":"var(--ast-global-color-5)","background-image":"","background-repeat":"repeat","background-position":"center center","background-size":"auto","background-attachment":"scroll","background-type":"","background-media":"","overlay-type":"","overlay-color":"","overlay-gradient":""}},"footnotes":""},"class_list":["post-4565","page","type-page","status-publish","hentry"],"aioseo_notices":[],"_links":{"self":[{"href":"https:\/\/economyrhodescarhire.com\/de\/wp-json\/wp\/v2\/pages\/4565","targetHints":{"allow":["GET"]}}],"collection":[{"href":"https:\/\/economyrhodescarhire.com\/de\/wp-json\/wp\/v2\/pages"}],"about":[{"href":"https:\/\/economyrhodescarhire.com\/de\/wp-json\/wp\/v2\/types\/page"}],"author":[{"embeddable":true,"href":"https:\/\/economyrhodescarhire.com\/de\/wp-json\/wp\/v2\/users\/2"}],"replies":[{"embeddable":true,"href":"https:\/\/economyrhodescarhire.com\/de\/wp-json\/wp\/v2\/comments?post=4565"}],"version-history":[{"count":12,"href":"https:\/\/economyrhodescarhire.com\/de\/wp-json\/wp\/v2\/pages\/4565\/revisions"}],"predecessor-version":[{"id":5994,"href":"https:\/\/economyrhodescarhire.com\/de\/wp-json\/wp\/v2\/pages\/4565\/revisions\/5994"}],"wp:attachment":[{"href":"https:\/\/economyrhodescarhire.com\/de\/wp-json\/wp\/v2\/media?parent=4565"}],"curies":[{"name":"wp","href":"https:\/\/api.w.org\/{rel}","templated":true}]}}